{"id":1540,"date":"2020-11-30T20:31:14","date_gmt":"2020-11-30T19:31:14","guid":{"rendered":"https:\/\/slovakaid.sk\/partners\/"},"modified":"2021-07-16T14:21:58","modified_gmt":"2021-07-16T12:21:58","slug":"partners","status":"publish","type":"page","link":"https:\/\/slovakaid.sk\/en\/partners\/","title":{"rendered":"Partners"},"content":{"rendered":"","protected":false},"excerpt":{"rendered":"","protected":false},"author":1,"featured_media":0,"parent":0,"menu_order":0,"comment_status":"closed","ping_status":"closed","template":"page-templates\/partneri.php","meta":{"footnotes":""},"class_list":["post-1540","page","type-page","status-publish","hentry"],"yoast_head":"<!-- This site is optimized with the Yoast SEO plugin v27.1.1 - https:\/\/yoast.com\/product\/yoast-seo-wordpress\/ -->\n<title>Partners - SlovakAid<\/title>\n<meta name=\"robots\" content=\"index, follow, max-snippet:-1, max-image-preview:large, max-video-preview:-1\" \/>\n<link rel=\"canonical\" href=\"https:\/\/slovakaid.sk\/en\/partners\/\" \/>\n<meta property=\"og:locale\" content=\"en_US\" \/>\n<meta property=\"og:type\" content=\"article\" \/>\n<meta property=\"og:title\" content=\"Partners - SlovakAid\" \/>\n<meta property=\"og:url\" content=\"https:\/\/slovakaid.sk\/en\/partners\/\" \/>\n<meta property=\"og:site_name\" content=\"SlovakAid\" \/>\n<meta property=\"article:modified_time\" content=\"2021-07-16T12:21:58+00:00\" \/>\n<meta name=\"twitter:card\" content=\"summary_large_image\" \/>\n<script type=\"application\/ld+json\" class=\"yoast-schema-graph\">{\"@context\":\"https:\/\/schema.org\",\"@graph\":[{\"@type\":\"WebPage\",\"@id\":\"https:\/\/slovakaid.sk\/en\/partners\/\",\"url\":\"https:\/\/slovakaid.sk\/en\/partners\/\",\"name\":\"Partners - SlovakAid\",\"isPartOf\":{\"@id\":\"https:\/\/slovakaid.sk\/en\/#website\"},\"datePublished\":\"2020-11-30T19:31:14+00:00\",\"dateModified\":\"2021-07-16T12:21:58+00:00\",\"breadcrumb\":{\"@id\":\"https:\/\/slovakaid.sk\/en\/partners\/#breadcrumb\"},\"inLanguage\":\"en-US\",\"potentialAction\":[{\"@type\":\"ReadAction\",\"target\":[\"https:\/\/slovakaid.sk\/en\/partners\/\"]}]},{\"@type\":\"BreadcrumbList\",\"@id\":\"https:\/\/slovakaid.sk\/en\/partners\/#breadcrumb\",\"itemListElement\":[{\"@type\":\"ListItem\",\"position\":1,\"name\":\"Home\",\"item\":\"https:\/\/slovakaid.sk\/en\/\"},{\"@type\":\"ListItem\",\"position\":2,\"name\":\"Partners\"}]},{\"@type\":\"WebSite\",\"@id\":\"https:\/\/slovakaid.sk\/en\/#website\",\"url\":\"https:\/\/slovakaid.sk\/en\/\",\"name\":\"SlovakAid\",\"description\":\"\",\"potentialAction\":[{\"@type\":\"SearchAction\",\"target\":{\"@type\":\"EntryPoint\",\"urlTemplate\":\"https:\/\/slovakaid.sk\/en\/?s={search_term_string}\"},\"query-input\":{\"@type\":\"PropertyValueSpecification\",\"valueRequired\":true,\"valueName\":\"search_term_string\"}}],\"inLanguage\":\"en-US\"}]}<\/script>\n<!-- \/ Yoast SEO plugin. -->","yoast_head_json":{"title":"Partners - SlovakAid","robots":{"index":"index","follow":"follow","max-snippet":"max-snippet:-1","max-image-preview":"max-image-preview:large","max-video-preview":"max-video-preview:-1"},"canonical":"https:\/\/slovakaid.sk\/en\/partners\/","og_locale":"en_US","og_type":"article","og_title":"Partners - SlovakAid","og_url":"https:\/\/slovakaid.sk\/en\/partners\/","og_site_name":"SlovakAid","article_modified_time":"2021-07-16T12:21:58+00:00","twitter_card":"summary_large_image","schema":{"@context":"https:\/\/schema.org","@graph":[{"@type":"WebPage","@id":"https:\/\/slovakaid.sk\/en\/partners\/","url":"https:\/\/slovakaid.sk\/en\/partners\/","name":"Partners - SlovakAid","isPartOf":{"@id":"https:\/\/slovakaid.sk\/en\/#website"},"datePublished":"2020-11-30T19:31:14+00:00","dateModified":"2021-07-16T12:21:58+00:00","breadcrumb":{"@id":"https:\/\/slovakaid.sk\/en\/partners\/#breadcrumb"},"inLanguage":"en-US","potentialAction":[{"@type":"ReadAction","target":["https:\/\/slovakaid.sk\/en\/partners\/"]}]},{"@type":"BreadcrumbList","@id":"https:\/\/slovakaid.sk\/en\/partners\/#breadcrumb","itemListElement":[{"@type":"ListItem","position":1,"name":"Home","item":"https:\/\/slovakaid.sk\/en\/"},{"@type":"ListItem","position":2,"name":"Partners"}]},{"@type":"WebSite","@id":"https:\/\/slovakaid.sk\/en\/#website","url":"https:\/\/slovakaid.sk\/en\/","name":"SlovakAid","description":"","potentialAction":[{"@type":"SearchAction","target":{"@type":"EntryPoint","urlTemplate":"https:\/\/slovakaid.sk\/en\/?s={search_term_string}"},"query-input":{"@type":"PropertyValueSpecification","valueRequired":true,"valueName":"search_term_string"}}],"inLanguage":"en-US"}]}},"meta_box":{"pg_home_hero_title":"","pg_home_hero_sub_title":"","pg_home_hero_color":"","pg_home_hero_background":[],"pg_home_subs":"0","pg_home_subs_title":"","pg_home_subs_sub_title":"","pg_home_subs_form_ID":"","pg_home_b_info":"0","pg_home_b_info_sub_headline":"","pg_home_b_info_headline":"","pg_home_b_info_1_icon":[],"pg_home_b_info_1_name":"","pg_home_b_info_1_text":"","pg_home_b_info_2_icon":[],"pg_home_b_info_2_name":"","pg_home_b_info_2_text":"","pg_home_b_info_3_icon":[],"pg_home_b_info_3_name":"","pg_home_b_info_3_text":"","pg_home_benefits":"0","pg_home_benefit_1_value":"","pg_home_benefit_1_text":"","pg_home_benefit_2_value":"","pg_home_benefit_2_text":"","pg_home_benefit_3_value":"","pg_home_benefit_3_text":"","pg_home_benefit_4_value":"","pg_home_benefit_4_text":"","pg_home_map":"0","pg_home_foxus":"0","pg_home_foxus_sub_headline":"","pg_home_fucus_headline":"","pg_home_fucus_content":"","pg_home_fucus_slider":[],"pg_home_projects":"0","pg_home_projects_headline":"","pg_home_projects_text":"","pg_home_projects_qantity":"3","pg_home_projects_sector_priority":[],"pg_home_news":"0","pg_home_news_sub_headline":"","pg_home_news_headline":"","pg_home_news_qantity":"3","pg_home_news_category":[],"pg_home_gallery":"0","pg_home_gallery_sub_headline":"","pg_home_gallery_headline":"","pg_home_gallery_content":"","pg_home_gallery_image":"","pg_faq_news":"0","pg_home_faq_sub_headline":"","pg_home_faq_headline":"","pg_soc":"0","pg_home_soc_title":"","pg_home_soc_form_ID":"","pg_home_contact":"0","main_adress":[],"main_tel":"","main_mail":"","leadership_title":"","leader_name":"","leader_content":"","leader_img":[],"leader_position":"","leader_tel":"","leader_mail":"","leader_asist_name":"","leader_asist_position":"","leader_asist_tel":"","leader_asist_mail":"","sector":[{"_state":"expanded"}],"partner_text":"En text","partner_group":[{"partner_name":"ADRA - Adventistick\u00e1 agent\u00fara pre pomoc a rozvoj, o.z.","partner_logo":"5429","partner_url":"https:\/\/www.adra.sk"},{"partner_name":"Akad\u00e9mia Urgentnej Medic\u00edny - Academy of Emergency Medicine","partner_logo":"18056","partner_url":"https:\/\/www.academyofemergencymedicine.sk\/"},{"partner_name":"Platforma rozvojov\u00fdch organiz\u00e1ci\u00ed \u2013 Ambrela","partner_logo":"5450","partner_url":"https:\/\/ambrela.org"},{"partner_name":"Asoci\u00e1cia vod\u00e1rensk\u00fdch spolo\u010dnost\u00ed","partner_logo":"5438"},{"partner_name":"Butterfly Effect, o.z.","partner_logo":"5441","partner_url":"https:\/\/butterflyeffect.sk\/o-nas\/"},{"partner_name":"CEEV \u017divica","partner_logo":"5451"},{"partner_name":"Centrum pre eur\u00f3psku politiku, n.o.","partner_logo":"5452","partner_url":"https:\/\/cep.sk"},{"partner_name":"\u010clovek v\u00a0ohrozen\u00ed, n.o. ","partner_logo":"5425","partner_url":"https:\/\/clovekvohrozeni.sk"},{"partner_name":"Dvojfarebn\u00fd svet, o.z.","partner_logo":"20887","partner_url":"https:\/\/www.dvojfarebnysvet.sk\/"},{"partner_name":"Elvosolar, a.s.","partner_logo":"5449","partner_url":"https:\/\/www.elvosolar.sk\/?gclid=Cj0KCQiAzZL-BRDnARIsAPCJs73Xx93fxK6PPjIdVF5N1oLWEG84gaPjJPIVXF4KiaX9j1B3LUssoMwaAgf1EALw_wcB"},{"partner_name":"eRko - Hnutie kres\u0165ansk\u00fdch spolo\u010denstiev det\u00ed, o.z.","partner_logo":"5435","partner_url":"https:\/\/erko.sk"},{"partner_name":"Eur\u00f3pska migra\u010dn\u00e1 agent\u00fara (EMA)","partner_logo":"5447","partner_url":"https:\/\/www.migrationagency.eu"},{"partner_name":"Evanjelick\u00e1 diakonia ECAV na Slovensku","partner_logo":"5453","partner_url":"https:\/\/www.diakonia.sk"},{"partner_name":"Fakulta architekt\u00fary a dizajnu STU v Bratislave","partner_logo":"5426","partner_url":"https:\/\/www.fa.stuba.sk"},{"partner_name":"Fakulta zdravotn\u00edctva a soci\u00e1lnej pr\u00e1ce, Trnavsk\u00e1 univerzita v Trnave","partner_logo":"5461","partner_url":"http:\/\/fzsp.truni.sk"},{"partner_name":"Habitat for Humanity","partner_logo":"5454","partner_url":"https:\/\/www.habitat.org\/emea"},{"partner_name":"ITAS Edu, s.r.o.","partner_logo":"18058"},{"partner_name":"Karpatsk\u00e1 nad\u00e1cia","partner_logo":"5457","partner_url":"https:\/\/karpatskanadacia.sk"},{"partner_name":"MAGNA, o.z.","partner_logo":"5432","partner_url":"https:\/\/www.magna.org\/sk\/"},{"partner_name":"Medic\u00ednska alternat\u00edva, n.o. ","partner_logo":"18058"},{"partner_name":"Nad\u00e1cia Milana \u0160ime\u010dku","partner_logo":"5459","partner_url":"https:\/\/www.nadaciamilanasimecku.sk"},{"partner_name":"Nad\u00e1cia Integra","partner_logo":"5431","partner_url":"https:\/\/integra.sk"},{"partner_name":"Nad\u00e1cia Pontis","partner_logo":"5458","partner_url":"https:\/\/www.nadaciapontis.sk"},{"partner_name":"N\u00e1rodn\u00fd \u00fastav srdcov\u00fdch a cievnych chor\u00f4b, a.s.","partner_logo":"5440"},{"partner_name":"Partnerstv\u00e1 pre prosperitu (PPP), o.z.","partner_logo":"5433","partner_url":"http:\/\/p3.sk"},{"partner_name":"PDCS, o.z.","partner_logo":"5455","partner_url":"https:\/\/www.pdcs.sk"},{"partner_name":"Region\u00e1lna rozvojov\u00e1 agent\u00fara Senec \u2013 Pezinok","partner_logo":"5446","partner_url":"http:\/\/www.rrasenec-pezinok.sk\/Default.aspx?alias=www.rrasenec-pezinok.sk\/en"},{"partner_name":"Rokovia s.r.o.","partner_logo":"5444"},{"partner_name":"SAVIO o. z.","partner_logo":"5439","partner_url":"https:\/\/savio.sk\/en\/homepage\/"},{"partner_name":"Slovensk\u00e1 agent\u00fara \u017eivotn\u00e9ho prostredia","partner_logo":"5443","partner_url":"https:\/\/www.sazp.sk"},{"partner_name":"Slovensk\u00e1 katol\u00edcka charita","partner_logo":"5430","partner_url":"https:\/\/www.charita.sk\/charitna-siet\/"},{"partner_name":"Slovensk\u00e1 nad\u00e1cia pre UNICEF","partner_logo":"5436","partner_url":"https:\/\/www.unicef.sk"},{"partner_name":"Slovensk\u00e1 organiz\u00e1cia pre v\u00fdskumn\u00e9 a v\u00fdvojov\u00e9 aktivity, o.z.","partner_logo":"5434","partner_url":"http:\/\/www.sovva.eu"},{"partner_name":"Slovensk\u00e1 spolo\u010dnos\u0165 pre zahrani\u010dn\u00fa politiku (SFPA), o.z.","partner_logo":"5437","partner_url":"https:\/\/www.sfpa.sk\/en\/"},{"partner_name":"Slovensk\u00e1 technick\u00e1 univerzita v Bratislave","partner_logo":"5427","partner_url":"https:\/\/www.stuba.sk"},{"partner_name":"Slovensk\u00e9 centrum pre komunik\u00e1ciu a rozvoj, n.o.","partner_logo":"5456","partner_url":"https:\/\/sccd-sk.org"},{"partner_name":"Slovensk\u00fd \u010cerven\u00fd kr\u00ed\u017e","partner_logo":"5460"},{"partner_name":"Slovensk\u00fd in\u0161tit\u00fat pre bezpe\u010dnostn\u00fa politiku","partner_logo":"5445","partner_url":"https:\/\/slovaksecurity.org\/o-nas\/"},{"partner_name":"\u00dastav Chemick\u00e9ho a Environment\u00e1lneho In\u017einierstva FCHPT STU v Bratislave","partner_logo":"5442","partner_url":"http:\/\/kchbi.chtf.stuba.sk"},{"partner_name":"Vysok\u00e1 \u0161kola zdravotn\u00edctva a soci\u00e1lnej pr\u00e1ce sv. Al\u017ebety, n. o.","partner_logo":"5428","partner_url":"https:\/\/www.vssvalzbety.sk"},{"partner_name":"V\u00fdskumn\u00fd \u00fastav vodn\u00e9ho hospod\u00e1rstva","partner_logo":"5448","partner_url":"http:\/\/www.vuvh.sk"}],"pg_whistleblowing_txt":"","pg_whistleblowing_form":"","attachments_group":[],"links_group":[],"actual_projects_map":"0","last_actual_projects":"0","last_actual_projects_headline":"","last_actual_projects_text":"","last_actual_projects_qantity":"3","last_actual_projects_sector_priority":[]},"_links":{"self":[{"href":"https:\/\/slovakaid.sk\/en\/wp-json\/wp\/v2\/pages\/1540","targetHints":{"allow":["GET"]}}],"collection":[{"href":"https:\/\/slovakaid.sk\/en\/wp-json\/wp\/v2\/pages"}],"about":[{"href":"https:\/\/slovakaid.sk\/en\/wp-json\/wp\/v2\/types\/page"}],"author":[{"embeddable":true,"href":"https:\/\/slovakaid.sk\/en\/wp-json\/wp\/v2\/users\/1"}],"replies":[{"embeddable":true,"href":"https:\/\/slovakaid.sk\/en\/wp-json\/wp\/v2\/comments?post=1540"}],"version-history":[{"count":12,"href":"https:\/\/slovakaid.sk\/en\/wp-json\/wp\/v2\/pages\/1540\/revisions"}],"predecessor-version":[{"id":22568,"href":"https:\/\/slovakaid.sk\/en\/wp-json\/wp\/v2\/pages\/1540\/revisions\/22568"}],"wp:attachment":[{"href":"https:\/\/slovakaid.sk\/en\/wp-json\/wp\/v2\/media?parent=1540"}],"curies":[{"name":"wp","href":"https:\/\/api.w.org\/{rel}","templated":true}]}}